{"id":82,"date":"2018-07-09T21:23:25","date_gmt":"2018-07-09T21:23:25","guid":{"rendered":"https:\/\/machgrell.ch\/?page_id=82"},"modified":"2018-10-17T08:02:08","modified_gmt":"2018-10-17T08:02:08","slug":"das-manifest","status":"publish","type":"page","link":"https:\/\/machgrell.ch\/?page_id=82","title":{"rendered":"MANIFEST"},"content":{"rendered":"<p>[et_pb_section fb_built=&#8220;1&#8243; _builder_version=&#8220;3.10&#8243; custom_padding=&#8220;0|0px|26.453125px|0px|false|false&#8220;][et_pb_row _builder_version=&#8220;3.10&#8243;][et_pb_column type=&#8220;4_4&#8243; _builder_version=&#8220;3.0.47&#8243; parallax=&#8220;off&#8220; parallax_method=&#8220;on&#8220;][et_pb_text _builder_version=&#8220;3.10&#8243; inline_fonts=&#8220;Verdana,Arial&#8220;]<\/p>\n<h1><strong><span style=\"font-family: Arial;\">M ACH GRE L L \u00a0MANIFEST<\/span><\/strong><\/h1>\n<p>&nbsp;<\/p>\n<p><span style=\"font-family: Arial; font-size: medium;\">Wir sind junge Menschen, die w\u00f6chentlich zu einem Begriff was (k\u00fcnstlerisches) machen.<\/span><br \/>\n[\/et_pb_text][\/et_pb_column][\/et_pb_row][et_pb_row custom_padding=&#8220;0|0px|0|0px|false|false&#8220; _builder_version=&#8220;3.10&#8243;][et_pb_column type=&#8220;4_4&#8243; _builder_version=&#8220;3.0.47&#8243; parallax=&#8220;off&#8220; parallax_method=&#8220;on&#8220;][et_pb_image src=&#8220;https:\/\/machgrell.ch\/wp-content\/uploads\/2018\/07\/IMG_7552.jpg&#8220; _builder_version=&#8220;3.10&#8243;][\/et_pb_image][\/et_pb_column][\/et_pb_row][et_pb_row custom_padding=&#8220;50px|0px|13.21875px|0px|false|false&#8220; _builder_version=&#8220;3.10&#8243;][et_pb_column type=&#8220;4_4&#8243; _builder_version=&#8220;3.0.47&#8243; parallax=&#8220;off&#8220; parallax_method=&#8220;on&#8220;][et_pb_text _builder_version=&#8220;3.10&#8243; inline_fonts=&#8220;Verdana,Arial&#8220;]<\/p>\n<p><span style=\"font-weight: normal; font-size: medium; font-family: Arial;\"><strong>1.Traktat | Rahmenbedingungen<\/strong><br \/> <\/span><\/p>\n<p><span style=\"font-weight: normal; font-size: medium; font-family: Arial;\">_ Immer Montag Abend vor Mitternacht wird ein Werk vollendet oder unvollendet auf den Blog hochgeladen.<br \/> _Alle Medien sind erlaubt.<br \/> _Interessierte Menschen k\u00f6nnen sich nach Inkenntnisnahme des Manifests dem Projekt MACHGRELL anschliessen. Sollten sie 3x die Deadline verpennen werden sie GEKICKT.<br \/> _Instandhalterinnen des Blogs sind Leonie H. und Alejandra J.<br \/> _Eine Verbreitung der Werke ist nicht auszuschliessen.<\/span><\/p>\n<p><span style=\"font-weight: normal; font-size: medium; font-family: Arial;\"><strong>2. Traktat | Credo<\/strong><\/span><\/p>\n<p><span style=\"font-weight: normal; font-size: medium; font-family: Arial;\">_Eine regelm\u00e4ssige k\u00fcnstlerische Praxis bringt uns voran und befl\u00fcgelt den Geist.<\/span><br \/> <span style=\"font-weight: normal; font-size: medium; font-family: Arial;\">_Die Verpflichtung einer Gruppe sorgt f\u00fcr die gesunde Prise Motivation.<\/span><br \/> <span style=\"font-weight: normal; font-size: medium; font-family: Arial;\">START \u00a09.4.2018<\/span><\/p>\n<p><span style=\"font-weight: normal; font-size: medium; font-family: Arial;\">zu Ehren von Joseph Beuys, Amen.<\/span><\/p>\n<p><span style=\"font-weight: normal; font-size: medium; font-family: Arial;\">Nachtrag: jeden Montag wird im Rotationsprinzip ein Begriff als Thema der n\u00e4chsten Woche bestimmt.<\/span><\/p>\n<p><span style=\"font-weight: normal; font-size: medium; font-family: Arial;\"><strong>MACHGRELL COM\u00dcNE<\/strong><br \/> (so far &#8211; in order of dazugestossen)<\/span><br \/> <span style=\"font-weight: normal; font-size: medium; font-family: Arial;\">Leonie H.<\/span><br \/> <span style=\"font-weight: normal; font-size: medium; font-family: Arial;\">Alejandra J.<\/span><br \/> <span style=\"font-weight: normal; font-size: medium; font-family: Arial;\">Alessandro L.<\/span><br \/> <span style=\"font-weight: normal; font-size: medium; font-family: Arial;\">Pascal H.<\/span><br \/> <span style=\"font-weight: normal; font-size: medium; font-family: Arial;\">Maru R.<\/span><br \/> <span style=\"font-weight: normal; font-size: medium; font-family: Arial;\">Claudia J.<\/span><br \/> <span style=\"font-weight: normal; font-size: medium; font-family: Arial;\">Luisa B.<\/span><br \/> <span style=\"font-weight: normal; font-size: medium; font-family: Arial;\">Cilio M.<\/span><br \/> <span style=\"font-weight: normal; font-size: medium; font-family: Arial;\">Alina I.<\/span><br \/> <span style=\"font-weight: normal; font-size: medium; font-family: Arial;\">Milo S.<\/span><br \/> <span style=\"font-weight: normal; font-size: medium; font-family: Arial;\">Dorian D.<\/span><br \/> <span style=\"font-weight: normal; font-size: medium; font-family: Arial;\">Costanza B.<\/span><br \/> <span style=\"font-weight: normal; font-size: medium; font-family: Arial;\">Ginni L.<br \/>Matthias M.<\/span><\/p>\n<p><span style=\"font-size: medium; font-family: Arial;\">\u00a0<\/span><\/p>\n<p>[\/et_pb_text][\/et_pb_column][\/et_pb_row][\/et_pb_section]<\/p>\n","protected":false},"excerpt":{"rendered":"<p>[et_pb_section fb_built=&#8220;1&#8243; _builder_version=&#8220;3.10&#8243; custom_padding=&#8220;0|0px|26.453125px|0px|false|false&#8220;][et_pb_row _builder_version=&#8220;3.10&#8243;][et_pb_column type=&#8220;4_4&#8243; _builder_version=&#8220;3.0.47&#8243; parallax=&#8220;off&#8220; parallax_method=&#8220;on&#8220;][et_pb_text _builder_version=&#8220;3.10&#8243; inline_fonts=&#8220;Verdana,Arial&#8220;] M ACH GRE L L \u00a0MANIFEST &nbsp; Wir sind junge Menschen, die w\u00f6chentlich zu einem Begriff was (k\u00fcnstlerisches) machen. [\/et_pb_text][\/et_pb_column][\/et_pb_row][et_pb_row custom_padding=&#8220;0|0px|0|0px|false|false&#8220; _builder_version=&#8220;3.10&#8243;][et_pb_column type=&#8220;4_4&#8243; _builder_version=&#8220;3.0.47&#8243; parallax=&#8220;off&#8220; parallax_method=&#8220;on&#8220;][et_pb_image src=&#8220;https:\/\/machgrell.ch\/wp-content\/uploads\/2018\/07\/IMG_7552.jpg&#8220; _builder_version=&#8220;3.10&#8243;][\/et_pb_image][\/et_pb_column][\/et_pb_row][et_pb_row custom_padding=&#8220;50px|0px|13.21875px|0px|false|false&#8220; _builder_version=&#8220;3.10&#8243;][et_pb_column type=&#8220;4_4&#8243; _builder_version=&#8220;3.0.47&#8243; parallax=&#8220;off&#8220; parallax_method=&#8220;on&#8220;][et_pb_text _builder_version=&#8220;3.10&#8243; inline_fonts=&#8220;Verdana,Arial&#8220;] 1.Traktat | Rahmenbedingungen _ Immer Montag Abend vor &hellip; <a href=\"https:\/\/machgrell.ch\/?page_id=82\" class=\"more-link\"><span class=\"screen-reader-text\">MANIFEST<\/span> weiterlesen<\/a><\/p>\n","protected":false},"author":1,"featured_media":0,"parent":0,"menu_order":0,"comment_status":"closed","ping_status":"closed","template":"","meta":{"_et_pb_use_builder":"on","_et_pb_old_content":"","_et_gb_content_width":"","footnotes":""},"class_list":["post-82","page","type-page","status-publish","hentry"],"_links":{"self":[{"href":"https:\/\/machgrell.ch\/index.php?rest_route=\/wp\/v2\/pages\/82","targetHints":{"allow":["GET"]}}],"collection":[{"href":"https:\/\/machgrell.ch\/index.php?rest_route=\/wp\/v2\/pages"}],"about":[{"href":"https:\/\/machgrell.ch\/index.php?rest_route=\/wp\/v2\/types\/page"}],"author":[{"embeddable":true,"href":"https:\/\/machgrell.ch\/index.php?rest_route=\/wp\/v2\/users\/1"}],"replies":[{"embeddable":true,"href":"https:\/\/machgrell.ch\/index.php?rest_route=%2Fwp%2Fv2%2Fcomments&post=82"}],"version-history":[{"count":14,"href":"https:\/\/machgrell.ch\/index.php?rest_route=\/wp\/v2\/pages\/82\/revisions"}],"predecessor-version":[{"id":803,"href":"https:\/\/machgrell.ch\/index.php?rest_route=\/wp\/v2\/pages\/82\/revisions\/803"}],"wp:attachment":[{"href":"https:\/\/machgrell.ch\/index.php?rest_route=%2Fwp%2Fv2%2Fmedia&parent=82"}],"curies":[{"name":"wp","href":"https:\/\/api.w.org\/{rel}","templated":true}]}}